{"id":16964,"date":"2019-10-04T14:44:48","date_gmt":"2019-10-04T13:51:19","guid":{"rendered":"http:\/\/www.marronaia.com\/?post_type=product&#038;p=16964"},"modified":"2025-09-03T13:34:16","modified_gmt":"2025-09-03T11:34:16","slug":"raggio-d-anfora-vernaccia-in-terracotta","status":"publish","type":"product","link":"https:\/\/www.marronaia.com\/it\/shop\/bottiglie\/vini\/raggio-d-anfora-vernaccia-in-terracotta\/","title":{"rendered":"Raggio D&#8217; Anfora- Vernaccia in Terracotta"},"content":{"rendered":"\t\t<div data-elementor-type=\"product-post\" data-elementor-id=\"16964\" class=\"elementor elementor-16964 elementor-16957\" data-elementor-post-type=\"product\">\n\t\t\t\t<div class=\"elementor-element elementor-element-2eede320 e-flex e-con-boxed e-con e-parent\" data-id=\"2eede320\" data-element_type=\"container\" data-e-type=\"container\">\n\t\t\t\t\t<div class=\"e-con-inner\">\n\t\t\t\t<div class=\"elementor-element elementor-element-4253e532 elementor-widget elementor-widget-text-editor\" data-id=\"4253e532\" data-element_type=\"widget\" data-e-type=\"widget\" data-widget_type=\"text-editor.default\">\n\t\t\t\t<div class=\"elementor-widget-container\">\n\t\t\t\t\t\t\t\t\t<h2 data-start=\"175\" data-end=\"220\"><strong data-start=\"178\" data-end=\"220\">Un Raggio Dorato di Tradizione Toscana<\/strong><\/h2><p data-start=\"222\" data-end=\"770\"><strong data-start=\"222\" data-end=\"257\">Raggio d\u2019Anfora della Marronaia<\/strong> \u00e8 un vino bianco elegante, ottenuto <strong data-start=\"294\" data-end=\"350\">esclusivamente da Vernaccia di San Gimignano al 100%<\/strong> e prodotto secondo <strong data-start=\"370\" data-end=\"402\">antiche tecniche artigianali<\/strong>. Fermentato e affinato in <strong data-start=\"429\" data-end=\"453\">anfore di terracotta<\/strong>, questo metodo favorisce una <strong data-start=\"483\" data-end=\"515\">micro-ossigenazione naturale<\/strong> che arricchisce il vino di complessit\u00e0 e profondit\u00e0, senza alterarne i profumi originali. Il risultato \u00e8 un vino che incarna l\u2019essenza autentica della Toscana, offrendo un\u2019esperienza sensoriale unica e un omaggio alla <strong data-start=\"734\" data-end=\"769\">tradizione enologica millenaria<\/strong>.<\/p><h2 data-start=\"777\" data-end=\"811\"><strong data-start=\"780\" data-end=\"811\">Una Nota dal Nostro Vigneto<\/strong><\/h2><p data-start=\"813\" data-end=\"1080\">Il nome <strong data-start=\"821\" data-end=\"842\">\u201cRaggio d\u2019Anfora\u201d<\/strong> richiama il colore dorato e il carattere luminoso di questo vino straordinario. \u00c8 un tributo all\u2019<strong data-start=\"940\" data-end=\"992\">equilibrio perfetto tra tradizione e innovazione<\/strong>, che cattura il calore del sole toscano e l\u2019eleganza senza tempo del nostro territorio.<\/p><h2 data-start=\"1087\" data-end=\"1114\"><strong data-start=\"1090\" data-end=\"1114\">Note di Degustazione<\/strong><\/h2><ul data-start=\"1116\" data-end=\"1385\"><li data-start=\"1116\" data-end=\"1168\"><p data-start=\"1118\" data-end=\"1168\"><strong data-start=\"1118\" data-end=\"1129\">Colore:<\/strong> Giallo dorato con riflessi brillanti<\/p><\/li><li data-start=\"1169\" data-end=\"1280\"><p data-start=\"1171\" data-end=\"1280\"><strong data-start=\"1171\" data-end=\"1183\">Profumo:<\/strong> Note floreali di glicine e biancospino, arricchite da spezie leggere e sentori di frutta secca<\/p><\/li><li data-start=\"1281\" data-end=\"1385\"><p data-start=\"1283\" data-end=\"1385\"><strong data-start=\"1283\" data-end=\"1293\">Gusto:<\/strong> Morbido e delicato, con acidit\u00e0 equilibrata e texture vellutata. Finale lungo ed elegante<\/p><\/li><\/ul><h2 data-start=\"1392\" data-end=\"1430\"><strong data-start=\"1395\" data-end=\"1430\">Abbinamenti Gastronomici Ideali<\/strong><\/h2><p data-start=\"1432\" data-end=\"1494\"><strong data-start=\"1432\" data-end=\"1467\">Raggio d\u2019Anfora della Marronaia<\/strong> si abbina perfettamente a:<\/p><ul data-start=\"1496\" data-end=\"1647\"><li data-start=\"1496\" data-end=\"1529\"><p data-start=\"1498\" data-end=\"1529\">Pesce alla griglia o al forno<\/p><\/li><li data-start=\"1530\" data-end=\"1569\"><p data-start=\"1532\" data-end=\"1569\">Carni bianche come pollo o tacchino<\/p><\/li><li data-start=\"1570\" data-end=\"1602\"><p data-start=\"1572\" data-end=\"1602\">Piatti vegetariani e risotti<\/p><\/li><li data-start=\"1603\" data-end=\"1647\"><p data-start=\"1605\" data-end=\"1647\">Formaggi stagionati e taglieri di salumi<\/p><\/li><\/ul><p data-start=\"1649\" data-end=\"1694\"><strong data-start=\"1649\" data-end=\"1694\">Temperatura di servizio consigliata: 13\u00b0C<\/strong><\/p><h2 data-start=\"1701\" data-end=\"1731\"><strong data-start=\"1704\" data-end=\"1731\">Lavorazione Sostenibile<\/strong><\/h2><p data-start=\"1733\" data-end=\"1953\">Al <strong data-start=\"1736\" data-end=\"1759\">Podere La Marronaia<\/strong>, adottiamo pratiche agricole <strong data-start=\"1789\" data-end=\"1818\">biologiche e biodinamiche<\/strong>. Ogni bottiglia di Raggio d\u2019Anfora riflette la <strong data-start=\"1866\" data-end=\"1896\">purezza del nostro terroir<\/strong> e il nostro <strong data-start=\"1909\" data-end=\"1952\">impegno per la sostenibilit\u00e0 ambientale<\/strong>.<\/p><h2 data-start=\"1960\" data-end=\"1996\"><strong data-start=\"1963\" data-end=\"1996\">Informazioni sulla Spedizione<\/strong><\/h2><ul data-start=\"1998\" data-end=\"2255\"><li data-start=\"1998\" data-end=\"2078\"><p data-start=\"2000\" data-end=\"2078\"><strong data-start=\"2000\" data-end=\"2023\">Spedizione gratuita<\/strong> per ordini di almeno 6 bottiglie verso USA ed Europa<\/p><\/li><li data-start=\"2079\" data-end=\"2156\"><p data-start=\"2081\" data-end=\"2156\"><strong data-start=\"2081\" data-end=\"2103\">Imballaggio sicuro<\/strong>, per garantire l\u2019integrit\u00e0 del prodotto all\u2019arrivo<\/p><\/li><li data-start=\"2157\" data-end=\"2255\"><p data-start=\"2159\" data-end=\"2255\"><strong data-start=\"2159\" data-end=\"2193\">Consegna diretta dalla cantina<\/strong>, spedito dal nostro podere di San Gimignano fino a casa tua<\/p><\/li><\/ul><p><a href=\"https:\/\/www.marronaia.com\/raggio-d-anfora-valori-nutrizionali\/\">Smaltimento &amp; Ingredienti<\/a><\/p>\t\t\t\t\t\t\t\t<\/div>\n\t\t\t\t<\/div>\n\t\t\t\t\t<\/div>\n\t\t\t\t<\/div>\n\t\t\t\t<\/div>\n\t\t","protected":false},"excerpt":{"rendered":"<style>\n.icon-box {<br \/>  display: flex;<br \/>  flex-wrap: wrap;<br \/>  gap: 20px;<br \/>  align-items: flex-start;<br \/>  margin: 30px 0;<br \/>}<br \/>.icon-item {<br \/>  display: flex;<br \/>  align-items: flex-start;<br \/>  width: calc(50% - 10px);<br \/>  margin-bottom: 20px;<br \/>}<br \/>.icon-item img {<br \/>  width: 40px;<br \/>  height: auto;<br \/>  margin-right: 15px;<br \/>  flex-shrink: 0;<br \/>}<br \/>.icon-text {<br \/>  display: flex;<br \/>  flex-direction: column;<br \/>}<br \/>.icon-category {<br \/>  font-family: 'Mulish', sans-serif;<br \/>  font-weight: 400; \/* regular *\/<br \/>  font-size: 16px;<br \/>  text-transform: uppercase;<br \/>  color: #3D3F43;<br \/>  line-height: 1.2;<br \/>  letter-spacing: 0.5px;<br \/>}<br \/>.icon-description {<br \/>  font-family: 'Mulish', sans-serif;<br \/>  font-weight: 300; \/* light *\/<br \/>  font-size: 16px;<br \/>  color: #3D3F43;<br \/>  line-height: 1.3;<br \/>  margin-top: 2px;<br \/>}<br \/>@media(max-width: 768px) {<br \/>  .icon-item {<br \/>    width: 100%;<br \/>  }<br \/>}<br \/><\/style>\n<div class=\"icon-box\">\n<div class=\"icon-item\">\n<p><img decoding=\"async\" src=\"https:\/\/www.marronaia.com\/wp-content\/uploads\/2025\/05\/title_ico.png\" alt=\"Appellation Title\" \/><\/p>\n<div class=\"icon-text\">\n<div class=\"icon-category\">Denominazione:<\/div>\n<div class=\"icon-description\">Vernaccia di San Gimignano<\/div>\n<\/div>\n<\/div>\n<div class=\"icon-item\">\n<p><img decoding=\"async\" src=\"https:\/\/www.marronaia.com\/wp-content\/uploads\/2025\/05\/glass.png\" alt=\"Classification\" width=\"40px\" \/><\/p>\n<div class=\"icon-text\">\n<div class=\"icon-category\">Classificazione:<\/div>\n<div class=\"icon-description\">IGT Bianco Toscano<\/div>\n<\/div>\n<\/div>\n<div class=\"icon-item\">\n<p><img decoding=\"async\" src=\"https:\/\/www.marronaia.com\/wp-content\/uploads\/2025\/05\/title_vintage.png\" alt=\"Vintage\" \/><\/p>\n<div class=\"icon-text\">\n<div class=\"icon-category\">Annata:<\/div>\n<div class=\"icon-description\">2024<\/div>\n<\/div>\n<\/div>\n<div class=\"icon-item\">\n<p><img decoding=\"async\" src=\"https:\/\/www.marronaia.com\/wp-content\/uploads\/2025\/05\/title_composition.png\" alt=\"Composition\" \/><\/p>\n<div class=\"icon-text\">\n<div class=\"icon-category\">Composizione:<\/div>\n<div class=\"icon-description\">100% Vernaccia di San Gimignano<\/div>\n<\/div>\n<\/div>\n<div class=\"icon-item\">\n<p><img decoding=\"async\" src=\"https:\/\/www.marronaia.com\/wp-content\/uploads\/2025\/05\/title_percentage.png\" alt=\"Alcohol Content\" \/><\/p>\n<div class=\"icon-text\">\n<div class=\"icon-category\">Contenuto Alcolico:<\/div>\n<div class=\"icon-description\">13%<\/div>\n<\/div>\n<\/div>\n<div class=\"icon-item\">\n<p><img decoding=\"async\" src=\"https:\/\/www.marronaia.com\/wp-content\/uploads\/2025\/05\/sezione1.png\" alt=\"Wine Making\" width=\"40px\" \/><\/p>\n<div class=\"icon-text\">\n<div class=\"icon-category\">Vinificazione:<\/div>\n<div class=\"icon-description\">Anfore di Terracotta<\/div>\n<\/div>\n<\/div>\n<div class=\"icon-item\">\n<p><img decoding=\"async\" src=\"https:\/\/www.marronaia.com\/wp-content\/uploads\/2025\/05\/chef.png\" alt=\"Food Pairing\" \/><\/p>\n<div class=\"icon-text\">\n<div class=\"icon-category\">Abbinamenti Consigliati:<\/div>\n<div class=\"icon-description\">Pesce, carne bianca<\/div>\n<\/div>\n<\/div>\n<div class=\"icon-item\">\n<p><img decoding=\"async\" src=\"https:\/\/www.marronaia.com\/wp-content\/uploads\/2025\/05\/opener.png\" alt=\"Sommelier Tips\" \/><\/p>\n<div class=\"icon-text\">\n<div class=\"icon-category\">Consigli del Sommelier:<\/div>\n<div class=\"icon-description\">Fresco, rotondo, vellutato, minerale<\/div>\n<\/div>\n<\/div>\n<\/div>\n","protected":false},"featured_media":84713,"comment_status":"closed","ping_status":"closed","template":"","meta":[],"product_brand":[],"product_cat":[233],"product_tag":[],"giftcard-category":[],"class_list":{"0":"post-16964","1":"product","2":"type-product","3":"status-publish","4":"has-post-thumbnail","6":"product_cat-vini","7":"product_shipping_class-winesandoils","8":"member-discount","9":"discount-restricted","11":"first","12":"instock","13":"taxable","14":"shipping-taxable","15":"purchasable","16":"product-type-simple"},"bundled_by":["30232"],"bundle_stock_status":"instock","bundle_stock_quantity":553,"bundle_virtual":false,"bundle_layout":"","bundle_add_to_cart_form_location":"","bundle_editable_in_cart":false,"bundle_sold_individually_context":"","bundle_item_grouping":"","bundle_min_size":"","bundle_max_size":"","bundle_price":[],"bundled_items":[],"bundle_sell_ids":[],"_links":{"self":[{"href":"https:\/\/www.marronaia.com\/it\/wp-json\/wp\/v2\/product\/16964","targetHints":{"allow":["GET"]}}],"collection":[{"href":"https:\/\/www.marronaia.com\/it\/wp-json\/wp\/v2\/product"}],"about":[{"href":"https:\/\/www.marronaia.com\/it\/wp-json\/wp\/v2\/types\/product"}],"replies":[{"embeddable":true,"href":"https:\/\/www.marronaia.com\/it\/wp-json\/wp\/v2\/comments?post=16964"}],"version-history":[{"count":10,"href":"https:\/\/www.marronaia.com\/it\/wp-json\/wp\/v2\/product\/16964\/revisions"}],"predecessor-version":[{"id":143622,"href":"https:\/\/www.marronaia.com\/it\/wp-json\/wp\/v2\/product\/16964\/revisions\/143622"}],"wp:featuredmedia":[{"embeddable":true,"href":"https:\/\/www.marronaia.com\/it\/wp-json\/wp\/v2\/media\/84713"}],"wp:attachment":[{"href":"https:\/\/www.marronaia.com\/it\/wp-json\/wp\/v2\/media?parent=16964"}],"wp:term":[{"taxonomy":"product_brand","embeddable":true,"href":"https:\/\/www.marronaia.com\/it\/wp-json\/wp\/v2\/product_brand?post=16964"},{"taxonomy":"product_cat","embeddable":true,"href":"https:\/\/www.marronaia.com\/it\/wp-json\/wp\/v2\/product_cat?post=16964"},{"taxonomy":"product_tag","embeddable":true,"href":"https:\/\/www.marronaia.com\/it\/wp-json\/wp\/v2\/product_tag?post=16964"},{"taxonomy":"giftcard-category","embeddable":true,"href":"https:\/\/www.marronaia.com\/it\/wp-json\/wp\/v2\/giftcard-category?post=16964"}],"curies":[{"name":"wp","href":"https:\/\/api.w.org\/{rel}","templated":true}]}}